{"id":1613,"date":"2024-06-21T14:09:55","date_gmt":"2024-06-21T12:09:55","guid":{"rendered":"https:\/\/protech-constructions.com\/?page_id=1613"},"modified":"2024-07-12T23:40:31","modified_gmt":"2024-07-12T21:40:31","slug":"elementor-devis","status":"publish","type":"page","link":"https:\/\/protech-constructions.com\/index.php\/elementor-devis\/","title":{"rendered":"Devis"},"content":{"rendered":"\t\t<div data-elementor-type=\"wp-page\" data-elementor-id=\"1613\" class=\"elementor elementor-1613\" data-elementor-post-type=\"page\">\n\t\t\t\t\t\t<section class=\"elementor-section elementor-top-section elementor-element elementor-element-6ca24f2 elementor-section-height-min-height elementor-section-boxed elementor-section-height-default elementor-section-items-middle wpr-particle-no wpr-jarallax-no wpr-parallax-no wpr-sticky-section-no wpr-equal-height-no\" data-id=\"6ca24f2\" data-element_type=\"section\" data-e-type=\"section\" data-settings=\"{&quot;background_background&quot;:&quot;classic&quot;,&quot;shape_divider_bottom&quot;:&quot;tilt&quot;}\">\n\t\t\t\t\t\t\t<div class=\"elementor-background-overlay\"><\/div>\n\t\t\t\t\t\t<div class=\"elementor-shape elementor-shape-bottom\" aria-hidden=\"true\" data-negative=\"false\">\n\t\t\t<svg xmlns=\"http:\/\/www.w3.org\/2000\/svg\" viewBox=\"0 0 1000 100\" preserveAspectRatio=\"none\">\n\t<path class=\"elementor-shape-fill\" d=\"M0,6V0h1000v100L0,6z\"\/>\n<\/svg>\t\t<\/div>\n\t\t\t\t\t<div class=\"elementor-container elementor-column-gap-default\">\n\t\t\t\t\t<div class=\"elementor-column elementor-col-100 elementor-top-column elementor-element elementor-element-ee8a753\" data-id=\"ee8a753\" data-element_type=\"column\" data-e-type=\"column\">\n\t\t\t<div class=\"elementor-widget-wrap elementor-element-populated\">\n\t\t\t\t\t\t<div class=\"elementor-element elementor-element-f393e4e elementor-widget elementor-widget-heading\" data-id=\"f393e4e\" data-element_type=\"widget\" data-e-type=\"widget\" data-widget_type=\"heading.default\">\n\t\t\t\t<div class=\"elementor-widget-container\">\n\t\t\t\t\t<h2 class=\"elementor-heading-title elementor-size-default\">Demandez votre devis gratuit !<\/h2>\t\t\t\t<\/div>\n\t\t\t\t<\/div>\n\t\t\t\t\t<\/div>\n\t\t<\/div>\n\t\t\t\t\t<\/div>\n\t\t<\/section>\n\t\t<div class=\"elementor-element elementor-element-9ed4ff3 e-flex e-con-boxed wpr-particle-no wpr-jarallax-no wpr-parallax-no wpr-sticky-section-no wpr-equal-height-no e-con e-parent\" data-id=\"9ed4ff3\" data-element_type=\"container\" data-e-type=\"container\">\n\t\t\t\t\t<div class=\"e-con-inner\">\n\t\t\t\t\t<\/div>\n\t\t\t\t<\/div>\n\t\t<div class=\"elementor-element elementor-element-7ed8f77 e-flex e-con-boxed wpr-particle-no wpr-jarallax-no wpr-parallax-no wpr-sticky-section-no wpr-equal-height-no e-con e-parent\" data-id=\"7ed8f77\" data-element_type=\"container\" data-e-type=\"container\">\n\t\t\t\t\t<div class=\"e-con-inner\">\n\t\t\t\t<div class=\"elementor-element elementor-element-7906fb2 elementor-widget elementor-widget-formidable\" data-id=\"7906fb2\" data-element_type=\"widget\" data-e-type=\"widget\" data-widget_type=\"formidable.default\">\n\t\t\t\t<div class=\"elementor-widget-container\">\n\t\t\t\t\t<div class=\"frm_forms  with_frm_style frm_style_style-formidable\" id=\"frm_form_3_container\" data-token=\"07159c82feb45fb6ca0efd4f5d4d7568\">\n<form enctype=\"multipart\/form-data\" method=\"post\" class=\"frm-show-form \" id=\"form_5hw3i2\" data-token=\"07159c82feb45fb6ca0efd4f5d4d7568\">\n<div class=\"frm_form_fields \">\n<fieldset>\n<legend class=\"frm_screen_reader\"><\/legend>\n\n<div class=\"frm_fields_container\">\n<input type=\"hidden\" name=\"frm_action\" value=\"create\" \/>\n<input type=\"hidden\" name=\"form_id\" value=\"3\" \/>\n<input type=\"hidden\" name=\"frm_hide_fields_3\" id=\"frm_hide_fields_3\" value=\"\" \/>\n<input type=\"hidden\" name=\"form_key\" value=\"5hw3i2\" \/>\n<input type=\"hidden\" name=\"item_meta[0]\" value=\"\" \/>\n<input type=\"hidden\" id=\"frm_submit_entry_3\" name=\"frm_submit_entry_3\" value=\"4cc217b723\" \/><input type=\"hidden\" name=\"_wp_http_referer\" value=\"\/index.php\/wp-json\/wp\/v2\/pages\/1613\" \/><div id=\"frm_field_8_container\" class=\"frm_form_field form-field  frm_top_container frm6 frm_first\">\n\t<label for=\"field_6pphj\" id=\"field_6pphj_label\" class=\"frm_primary_label\">Nom de l'entreprise\n\t\t<span class=\"frm_required\" aria-hidden=\"true\"><\/span>\n\t<\/label>\n\t<input type=\"text\" id=\"field_6pphj\" name=\"item_meta[8]\" value=\"\"  placeholder=\"Nom de l&#039;entreprise\" data-invmsg=\"Nom de l&#039;entreprise est non valide\" aria-invalid=\"false\"  \/>\n\t\n\t\n<\/div>\n<div id=\"frm_field_9_container\" class=\"frm_form_field form-field  frm_top_container frm6\">\n\t<label for=\"field_du9zt\" id=\"field_du9zt_label\" class=\"frm_primary_label\">Nom\/pr\u00e9nom particulier\n\t\t<span class=\"frm_required\" aria-hidden=\"true\"><\/span>\n\t<\/label>\n\t<input type=\"text\" id=\"field_du9zt\" name=\"item_meta[9]\" value=\"\"  placeholder=\"Nom\/pr\u00e9nom particulier\" data-invmsg=\"Nom\/pr\u00e9nom particulier est non valide\" aria-invalid=\"false\"  \/>\n\t\n\t\n<\/div>\n<div id=\"frm_field_10_container\" class=\"frm_form_field form-field  frm_required_field frm_top_container frm6 frm_first\">\n\t<label for=\"field_283ww\" id=\"field_283ww_label\" class=\"frm_primary_label\">Email\n\t\t<span class=\"frm_required\" aria-hidden=\"true\">*<\/span>\n\t<\/label>\n\t<input type=\"email\" id=\"field_283ww\" name=\"item_meta[10]\" value=\"\"  data-reqmsg=\"Email ne peut pas \u00eatre vide.\" aria-required=\"true\" data-invmsg=\"Email est non valide\" aria-invalid=\"false\"  \/>\n\t\n\t\n<\/div>\n<div id=\"frm_field_11_container\" class=\"frm_form_field form-field  frm_required_field frm_top_container frm6\">\n\t<label for=\"field_yi9nc\" id=\"field_yi9nc_label\" class=\"frm_primary_label\">T\u00e9l\u00e9phone\n\t\t<span class=\"frm_required\" aria-hidden=\"true\">*<\/span>\n\t<\/label>\n\t<input type=\"tel\" id=\"field_yi9nc\" name=\"item_meta[11]\" value=\"\"  data-reqmsg=\"T\u00e9l\u00e9phone ne peut pas \u00eatre vide.\" aria-required=\"true\" data-invmsg=\"T\u00e9l\u00e9phone est non valide\" aria-invalid=\"false\" pattern=\"((\\+\\d{1,3}(-|.| )?\\(?\\d\\)?(-| |.)?\\d{1,5})|(\\(?\\d{2,6}\\)?))(-|.| )?(\\d{3,4})(-|.| )?(\\d{4})(( x| ext)\\d{1,5}){0,1}$\"  \/>\n\t\n\t\n<\/div>\n<div id=\"frm_field_14_container\" class=\"frm_form_field form-field  frm_required_field frm_top_container frm6 frm_first vertical_radio\">\n\t<div  id=\"field_2cej9_label\" class=\"frm_primary_label\">Type de projet\n\t\t<span class=\"frm_required\" aria-hidden=\"true\">*<\/span>\n\t<\/div>\n\t<div class=\"frm_opt_container\" aria-labelledby=\"field_2cej9_label\" role=\"radiogroup\" aria-required=\"true\">\t\t<div class=\"frm_radio\" id=\"frm_radio_14-1\">\t\t\t<label  for=\"field_2cej9-1\">\n\t\t\t\t\t<input type=\"radio\" name=\"item_meta[14]\" id=\"field_2cej9-1\" value=\"Construction\"\n\t\t data-reqmsg=\"Type de projet ne peut pas \u00eatre vide.\" data-invmsg=\"Type de projet est non valide\"   \/> Construction<\/label><\/div>\n\t\t<div class=\"frm_radio\" id=\"frm_radio_14-6\">\t\t\t<label  for=\"field_2cej9-6\">\n\t\t\t\t\t<input type=\"radio\" name=\"item_meta[14]\" id=\"field_2cej9-6\" value=\"R\u00e9novation\"\n\t\t data-reqmsg=\"Type de projet ne peut pas \u00eatre vide.\" data-invmsg=\"Type de projet est non valide\"   \/> R\u00e9novation<\/label><\/div>\n\t\t<div class=\"frm_radio\" id=\"frm_radio_14-5\">\t\t\t<label  for=\"field_2cej9-5\">\n\t\t\t\t\t<input type=\"radio\" name=\"item_meta[14]\" id=\"field_2cej9-5\" value=\"AUTRE\"\n\t\t data-reqmsg=\"Type de projet ne peut pas \u00eatre vide.\" data-invmsg=\"Type de projet est non valide\"   \/> AUTRE<\/label><\/div>\n<\/div>\n\t\n\t\n<\/div>\n<div id=\"frm_field_16_container\" class=\"frm_form_field form-field  frm_inline_container frm6 vertical_radio\">\n\t<div  id=\"field_pwz_label\" class=\"frm_primary_label\">Type de batiments\n\t\t<span class=\"frm_required\" aria-hidden=\"true\"><\/span>\n\t<\/div>\n\t<div class=\"frm_opt_container\" aria-labelledby=\"field_pwz_label\" role=\"radiogroup\">\t\t<div class=\"frm_radio\" id=\"frm_radio_16-0\">\t\t\t<label  for=\"field_pwz-0\">\n\t\t\t\t\t<input type=\"radio\" name=\"item_meta[16]\" id=\"field_pwz-0\" value=\"Maison individuelle\"\n\t\t data-invmsg=\"Type de batiments est non valide\"   \/> Maison individuelle<\/label><\/div>\n\t\t<div class=\"frm_radio\" id=\"frm_radio_16-1\">\t\t\t<label  for=\"field_pwz-1\">\n\t\t\t\t\t<input type=\"radio\" name=\"item_meta[16]\" id=\"field_pwz-1\" value=\"Villa\"\n\t\t data-invmsg=\"Type de batiments est non valide\"   \/> Villa<\/label><\/div>\n\t\t<div class=\"frm_radio\" id=\"frm_radio_16-2\">\t\t\t<label  for=\"field_pwz-2\">\n\t\t\t\t\t<input type=\"radio\" name=\"item_meta[16]\" id=\"field_pwz-2\" value=\"Appartement\"\n\t\t data-invmsg=\"Type de batiments est non valide\"   \/> Appartement<\/label><\/div>\n\t\t<div class=\"frm_radio\" id=\"frm_radio_16-3\">\t\t\t<label  for=\"field_pwz-3\">\n\t\t\t\t\t<input type=\"radio\" name=\"item_meta[16]\" id=\"field_pwz-3\" value=\"Locaux entreprises\"\n\t\t data-invmsg=\"Type de batiments est non valide\"   \/> Locaux entreprises<\/label><\/div>\n\t\t<div class=\"frm_radio\" id=\"frm_radio_16-4\">\t\t\t<label  for=\"field_pwz-4\">\n\t\t\t\t\t<input type=\"radio\" name=\"item_meta[16]\" id=\"field_pwz-4\" value=\"AUTRE\"\n\t\t data-invmsg=\"Type de batiments est non valide\"   \/> AUTRE<\/label><\/div>\n<\/div>\n\t\n\t\n<\/div>\n<div id=\"frm_field_18_container\" class=\"frm_form_field form-field  frm_top_container\">\n\t<label for=\"field_cvb2k\" id=\"field_cvb2k_label\" class=\"frm_primary_label\">Dans quel d\u00e9lai souhaitez-vous commencer les travaux ?\n\t\t<span class=\"frm_required\" aria-hidden=\"true\"><\/span>\n\t<\/label>\n\t\t\t<select name=\"item_meta[18]\" id=\"field_cvb2k\"  data-frmval=\"Au plus vite\" data-invmsg=\"Dans quel d\u00e9lai souhaitez-vous commencer les travaux ? est non valide\" aria-invalid=\"false\"  >\n\t\t<option  value=\"Au plus vite\" selected='selected'>Au plus vite<\/option><option  value=\"Dans un mois\">Dans un mois<\/option><option  value=\"Dans 3 mois\">Dans 3 mois<\/option><option  value=\"Dans 6 mois\">Dans 6 mois<\/option><option  value=\"Dans l&#039;ann\u00e9e\">Dans l&#039;ann\u00e9e<\/option><option  value=\"Pas de date fix\u00e9e\">Pas de date fix\u00e9e<\/option>\t<\/select>\n\t\n\t\n\t\n<\/div>\n<div id=\"frm_field_13_container\" class=\"frm_form_field form-field  frm_top_container\">\n\t<label for=\"field_z1m0j\" id=\"field_z1m0j_label\" class=\"frm_primary_label\">Votre budget\n\t\t<span class=\"frm_required\" aria-hidden=\"true\"><\/span>\n\t<\/label>\n\t\t\t<select name=\"item_meta[13]\" id=\"field_z1m0j\"  data-invmsg=\"Votre budget est non valide\" aria-invalid=\"false\"  >\n\t\t<option  value=\"\" selected='selected'> <\/option><option  value=\"Pas encore d\u00e9cid\u00e9\">Pas encore d\u00e9cid\u00e9<\/option><option  value=\"100\u20ac - 1000\u20ac\">100\u20ac - 1000\u20ac<\/option><option  value=\"1000\u20ac- 5000\u20ac\">1000\u20ac- 5000\u20ac<\/option><option  value=\"5000\u20ac - 10 000\u20ac\">5000\u20ac - 10 000\u20ac<\/option><option  value=\"10 000\u20ac - 100 000\u20ac\">10 000\u20ac - 100 000\u20ac<\/option><option  value=\"100 000\u20ac - 500 000\u20ac\">100 000\u20ac - 500 000\u20ac<\/option><option  value=\"Plus de 500 000\u20ac\">Plus de 500 000\u20ac<\/option>\t<\/select>\n\t\n\t\n\t\n<\/div>\n<div id=\"frm_field_12_container\" class=\"frm_form_field form-field  frm_required_field frm_top_container\">\n\t<label for=\"field_m1d72\" id=\"field_m1d72_label\" class=\"frm_primary_label\">Votre projet\n\t\t<span class=\"frm_required\" aria-hidden=\"true\">*<\/span>\n\t<\/label>\n\t<textarea name=\"item_meta[12]\" id=\"field_m1d72\" rows=\"5\"  placeholder=\"Votre projet : donnez nous le plus de d\u00e9tails....\" data-reqmsg=\"Votre projet ne peut pas \u00eatre vide.\" aria-required=\"true\" data-invmsg=\"Votre projet est non valide\" aria-invalid=\"false\"  ><\/textarea>\n\t\n\t\n<\/div>\n<div id=\"frm_field_19_container\" class=\"frm_form_field form-field  frm_top_container\">\n\t<label for=\"field_leijm\" id=\"field_leijm_label\" class=\"frm_primary_label\">Email\n\t\t<span class=\"frm_required\" aria-hidden=\"true\"><\/span>\n\t<\/label>\n\t<input type=\"email\" id=\"field_leijm\" name=\"item_meta[19]\" value=\"\"  data-invmsg=\"Email est non valide\" aria-invalid=\"false\"  \/>\n\t\n\t\n<\/div>\n<div id=\"frm_field_21_container\" class=\"frm_form_field form-field  frm_none_container\">\n\t<label for=\"g-recaptcha-response\" id=\"field_yn7ln_label\" class=\"frm_primary_label\">Captcha\n\t\t<span class=\"frm_required\" aria-hidden=\"true\"><\/span>\n\t<\/label>\n\t\n\t\n\t\n<\/div>\n<div id=\"frm_field_7_container\" class=\"frm_form_field form-field  frm4\">\n\t<div class=\"frm_submit frm_flex\">\n<button class=\"frm_button_submit\" type=\"submit\"  >Envoyer<\/button>\n\n\n\n<\/div>\n<\/div>\n\t<input type=\"hidden\" name=\"item_key\" value=\"\" \/>\n\t\t\t<div id=\"frm_field_22_container\">\n\t\t\t<label for=\"field_gnzkt\" >\n\t\t\t\tSi vous \u00eates un humain, ne remplissez pas ce champ.\t\t\t<\/label>\n\t\t\t<input  id=\"field_gnzkt\" type=\"text\" class=\"frm_form_field form-field frm_verify\" name=\"item_meta[22]\" value=\"\"  \/>\n\t\t<\/div>\n\t\t<input name=\"frm_state\" type=\"hidden\" value=\"An5wgE8yOD9W6lV1I0PMRS0m4AgeVmu\/tSk501Eefns=\" \/><\/div>\n<\/fieldset>\n<\/div>\n\n<\/form>\n<\/div>\n\t\t\t\t<\/div>\n\t\t\t\t<\/div>\n\t\t\t\t\t<\/div>\n\t\t\t\t<\/div>\n\t\t\t\t<\/div>\n\t\t","protected":false},"excerpt":{"rendered":"<p>Demandez votre devis gratuit ! Nom de l&rsquo;entreprise Nom\/pr\u00e9nom particulier Email * T\u00e9l\u00e9phone * Type de projet * Construction R\u00e9novation AUTRE Type de batiments Maison individuelle Villa Appartement Locaux entreprises AUTRE Dans quel d\u00e9lai souhaitez-vous commencer les travaux ? Au plus viteDans un moisDans 3 moisDans 6 moisDans l&#039;ann\u00e9ePas de date fix\u00e9e Votre budget Pas encore d\u00e9cid\u00e9100\u20ac &#8211; 1000\u20ac1000\u20ac- 5000\u20ac5000\u20ac &#8211; 10 000\u20ac10 000\u20ac &#8211; 100 000\u20ac100 000\u20ac &#8211; 500 000\u20acPlus de 500 000\u20ac Votre projet * Envoyer Si vous \u00eates un humain, ne remplissez pas ce champ.<\/p>\n","protected":false},"author":1,"featured_media":0,"parent":0,"menu_order":0,"comment_status":"closed","ping_status":"closed","template":"","meta":{"footnotes":""},"class_list":["post-1613","page","type-page","status-publish","hentry"],"_links":{"self":[{"href":"https:\/\/protech-constructions.com\/index.php\/wp-json\/wp\/v2\/pages\/1613","targetHints":{"allow":["GET"]}}],"collection":[{"href":"https:\/\/protech-constructions.com\/index.php\/wp-json\/wp\/v2\/pages"}],"about":[{"href":"https:\/\/protech-constructions.com\/index.php\/wp-json\/wp\/v2\/types\/page"}],"author":[{"embeddable":true,"href":"https:\/\/protech-constructions.com\/index.php\/wp-json\/wp\/v2\/users\/1"}],"replies":[{"embeddable":true,"href":"https:\/\/protech-constructions.com\/index.php\/wp-json\/wp\/v2\/comments?post=1613"}],"version-history":[{"count":6,"href":"https:\/\/protech-constructions.com\/index.php\/wp-json\/wp\/v2\/pages\/1613\/revisions"}],"predecessor-version":[{"id":2026,"href":"https:\/\/protech-constructions.com\/index.php\/wp-json\/wp\/v2\/pages\/1613\/revisions\/2026"}],"wp:attachment":[{"href":"https:\/\/protech-constructions.com\/index.php\/wp-json\/wp\/v2\/media?parent=1613"}],"curies":[{"name":"wp","href":"https:\/\/api.w.org\/{rel}","templated":true}]}}